{"id":76,"date":"2019-06-01T20:05:39","date_gmt":"2019-06-01T18:05:39","guid":{"rendered":"http:\/\/osteopathe-vignon.fr\/?page_id=76"},"modified":"2025-09-18T13:15:00","modified_gmt":"2025-09-18T11:15:00","slug":"mesmerize","status":"publish","type":"page","link":"https:\/\/osteopathe-vignon.fr\/","title":{"rendered":"Front Page"},"content":{"rendered":"<div  id=\"content-1\" class=\"content-12 content-section content-section-spacing\" style=\"background-color: #ffffff;\" data-label=\"Content\" data-id=\"content--2\" data-export-id=\"content-12\" data-category=\"content\">\n<div  class=\"gridContainer\">\n<div  class=\"row text-center\">\n<div  class=\"section-title-col\" data-type=\"column\">\n<h2  class=\"\">Informations<\/h2>\n<p  class=\"lead\">Pas d\u2019informations en ce moment\u2026<\/p>\n\n<p  class=\"\">Note sur les consultations :\n<br >Veuillez noter que je demande aux patient(e)s de se d\u00e9shabiller lors des consultations, la plupart du temps plus que d\u2019autres praticiens. Ceci pour des raisons de facilit\u00e9 de travail notamment sur les fasciae.\n<br ><br >Si vous risquez de vous sentir g\u00ean\u00e9(e), parce que vous \u00eates pudique, que vous vous sentez mal \u00e0 l\u2019aise dans votre corps ou sous le regard d\u2019autrui, que vous n\u2019avez pas confiance, ou pour quelque raison que ce soit, merci de :\n<br >\u2013 Soit me le signaler (car vous avez bien \u00e9videmment le droit de refuser),\n<br >\u2013 Soit consulter un autre praticien.\n<br >Je ne vous force pas, et je ne veux surtout pas que vous vous sentiez mal \u00e0 l\u2019aise.\n<br >La consultation doit rester un moment de d\u00e9tente et de bienveillance.<br >\n<br >Merci pour votre compr\u00e9hension et votre confiance.<\/p><\/div>\n<\/div>\n<div  class=\"row center-xs middle-xs\">\n<div  class=\"col-sm-9\" data-type=\"column\"><\/div>\n<\/div>\n<\/div>\n<\/div><div  id=\"formation\" class=\"overlappable-4 content-section content-section-spacing\" style=\"background-color: #ffffff;\" data-label=\"Formation\" data-id=\"overlappable--1\" data-export-id=\"overlappable-4\" data-category=\"overlappable\" data-overlap=\"true\">\n<div  class=\"gridContainer\">\n<div  class=\"row spaced-cols text-center center-sm content-left-sm\" data-type=\"row\">\n<div  class=\"col-xs-12 col-sm-4 col-padding\">\n<div  class=\"\" data-type=\"column\">\n<h5  class=\"\">Ost\u00e9opathe D.O. depuis 2005<\/h5>\n<p  class=\"\">\u2013 Ost\u00e9opathe D.O. depuis 2005,<br >\u2013 Dipl\u00f4m\u00e9 de l\u2019Institut Sup\u00e9rieur d\u2019Ost\u00e9opathie de Lyon, formation de 6 ann\u00e9es \u00e0 temps plein.\n<br >\u2013 Install\u00e9 \u00e0 Tassin la Demi Lune depuis 2006.<\/p>\n\n<\/div>\n<\/div>\n<div  class=\"col-xs-12 col-sm-4 col-padding\">\n<div  class=\"\" data-type=\"column\">\n<h5  class=\"\">Formations compl\u00e9mentaires<\/h5>\n<p  class=\"\">\u2013 2013 : Posturologie\/dysfonctions complexes \u2013 ATMAN,\n<br >\u2013 2014 : M\u00e9thodologie d\u2019approche globale (Structuration du traitement ost\u00e9opathique) et ost\u00e9opathie visc\u00e9rale \u2013 Finet et Williame \u2013 ATMAN, \n<br >\u2013 2017 \u2013 2018 : Characteristics of osteopathic techniques within the diagnostic and treatment approach of the specific interaction \u2013 RAOMed \u2013 Saint P\u00e9tersbourg,\n<br >\u2013 Et diverses formations : Phytoth\u00e9rapie, micronutrition, \u00e9nerg\u00e9tique, parapsychologie, initiation \u00e0 l\u2019hypnose\u2026<\/p>\n\n<\/div>\n<\/div>\n<div  class=\"col-xs-12 col-sm-4 col-padding\">\n<div  class=\"\" data-type=\"column\">\n<h5  class=\"\">Enseignant et formateur<\/h5>\n<p  class=\"\">\u2013 A enseign\u00e9 l\u2019ost\u00e9opathie visc\u00e9rale et urog\u00e9nitale dans trois \u00e9coles d\u2019ost\u00e9opathie pendant plus de 15 ans,\n<br >\u2013 Actuellement&nbsp; formateur \u00e0 l\u2019international notamment en Ost\u00e9opathie visc\u00e9rale, urog\u00e9nitale et cr\u00e2nienne,\n<br >\u2013 Collaborateur de C. Williame et G. Finet, ost\u00e9opathes D.O., enseignants et chercheurs en ost\u00e9opathie visc\u00e9rale,\n<br >\u2013 Formateur enregistr\u00e9 \u00e0 la pr\u00e9fecture du Rh\u00f4ne :\n<br >\u2013 Pour des formations post-gradu\u00e9es pour ost\u00e9opathes : \u201cStructuration du traitement ost\u00e9opathique\u201d \u2013 C. Williame et G. Finet. http:\/\/deltadyn.be.\n<br >\u2013 Pour des formations post-gradu\u00e9es pour ost\u00e9opathes sur d\u2019autres th\u00e8mes en France et \u00e0 l\u2019\u00e9tranger.<\/p>\n\n<\/div>\n<\/div>\n<\/div>\n<\/div>\n<\/div><div  id=\"osteopathie\" class=\"about-images-right-section content-section content-section-spacing\" style=\"background-color: #ffffff;\" data-label=\"Osteopathie\" data-id=\"about-images-right-section-mc\" data-export-id=\"about-images-right-section-mc\" data-category=\"about\">\n<div  class=\"gridContainer\">\n<div  class=\"row middle-sm text-center\">\n<div  class=\"col-sm-5 content-left-sm\" data-type=\"column\">\n<h5  class=\"\">L\u2019Ost\u00e9opathie<\/h5>\n<h2  class=\"\">Quelques indications de l\u2019Ost\u00e9opathie :<\/h2>\n<p  class=\"\"><b >Troubles articulaires et musculaires :<\/b>\n\u2013 Lombalgies, dorsalgies, cervicalgies,\n\u2013 Entorses, tendinites,\n\u2013 Troubles de la m\u00e2choire (articulation temporo mandibulaire),\n\u2013 S\u00e9quelles d\u2019accidents, de traumatismes (chutes, chocs\u2026),<\/p>\n<b  class=\"\">Troubles digestifs et visc\u00e9raux (sp\u00e9cialit\u00e9) :<\/b>\n\u2013 Constipations, diarrh\u00e9es, ballonnements, pesanteurs apr\u00e8s les repas, br\u00fblures d\u2019estomac, remont\u00e9es acides, naus\u00e9es, douleurs abdominales inexpliqu\u00e9es (bilan m\u00e9dical normal)\u2026\n\u2013 R\u00e8gles irr\u00e9guli\u00e8res, douloureuses, infertilit\u00e9, prostatites\u2026\n\u2013 Incontinences urinaires \/ f\u00e9cales,\n\u2013 Traitement des adh\u00e9rences post chirurgicales r\u00e9centes (pas avant un mois apr\u00e8s intervention) et anciennes.\n\nSuivi de grossesse (apr\u00e8s 3 mois),\nNouveaux n\u00e9s (Accord du p\u00e9diatre n\u00e9cessaire avant 6 mois) et enfants.\n\n<b  class=\"\">Troubles neurologiques et vasculaires :<\/b>\n\u2013 C\u00e9phal\u00e9es, migraines, vertiges, troubles du sommeil,\n\u2013 N\u00e9vralgies (sciatiques, cruralgies, n\u00e9vralgies cervico brachiales\u2026).\n\n<\/div>\n<div  class=\"col-sm-7 space-bottom-xs\">\n<div  class=\"image-group-side-3-img\"><img  decoding=\"async\" class=\"topimg shadow-large\" title=\"cropped-DSC00952.jpg\" src=\"http:\/\/osteopathe-vignon.fr\/wp-content\/uploads\/2019\/06\/cropped-DSC00952.jpg\" alt=\"\"> <a  href=\"https:\/\/osteopathe-vignon.fr\" target=\"_self\" rel=\"noopener\" data-cp-link=\"1\"><img  class=\"rightimg shadow-large\"><\/a>\n<div  class=\"leftimg\"><a  href=\"https:\/\/osteopathe-vignon.fr\" target=\"_self\" rel=\"noopener\" data-cp-link=\"1\"><img  class=\"shadow-large\" title=\"cropped-DSC00952-1.jpg\" alt=\"\"><\/a><\/div>\n<\/div>\n<\/div>\n<\/div>\n<\/div>\n<\/div><div  id=\"consultation\" class=\"features-13 content-section content-section-spacing\" style=\"background-color: #f5fafd;\" data-label=\"Consultation\" data-id=\"features--1\" data-export-id=\"features-13-card-bordered\" data-category=\"features\">\n<div  class=\"gridContainer\">\n<div  class=\"row text-center\">\n<div  class=\"section-title-col\" data-type=\"column\">\n<h2  class=\"\">Consultation<\/h2>\n<\/div>\n<\/div>\n<div  class=\"row spaced-cols content-center-sm\" data-type=\"row\">\n<div  class=\"col-sm-4\">\n<div  class=\"card bordered y-move\" data-type=\"column\"><i  class=\"fa icon color1 fa-euro reverse round big\"><\/i>\n<h4  class=\"\">Tarif : 60\u20ac (r\u00e9duit : 50\u20ac)<\/h4>\n<p  class=\"\">Consultation standard : 60\u20ac<\/p>\nConsultation tarif r\u00e9duit : 50\u20ac\n\n(Nourrissons, enfants -12 ans)\n\n<\/div>\n<\/div>\n<div  class=\"col-sm-4\">\n<div  class=\"card bordered y-move\" data-type=\"column\"><i  class=\"fa icon color1 fa-check-square-o reverse round big\"><\/i>\n<h4  class=\"\">Modes de paiement<\/h4>\n<p  class=\"\">Ch\u00e8que et esp\u00e8ces accept\u00e9s<\/p>\n\n<\/div>\n<\/div>\n<div  class=\"col-sm-4\">\n<div  class=\"card bordered y-move\" data-type=\"column\"><i  class=\"fa icon color1 fa-times-rectangle-o reverse round big\"><\/i>\n<h4  class=\"\">CB non accept\u00e9e<\/h4>\n<p  class=\"\">Merci de pr\u00e9voir un autre moyen de paiement :<\/p>\nCh\u00e8que ou Esp\u00e8ces\n\n<\/div>\n<\/div>\n<\/div>\n<\/div>\n<\/div><div  id=\"rdv\" class=\"cta-blue-section content-section content-section-spacing-medium bg-color1 white-text\" style=\"background-color: #f5fafd;\" data-label=\"RDV\" data-id=\"cta--1\" data-export-id=\"cta-blue-section\" data-category=\"cta\">\n<div  class=\"gridContainer\">\n<div  class=\"row middle-xs\">\n<div  class=\"col-sm-8 space-bottom-xs\" data-type=\"column\">\n<h2  class=\"\">Rendez-vous par t\u00e9l\u00e9phone,<\/h2>\nou sur Doctolib directement\n<p  class=\"\">Bien que je pr\u00e9f\u00e8re la prise de Rendez-vous par t\u00e9l\u00e9phone, qui autorise un premier contact et la r\u00e9ponse \u00e0 certaines de vos questions, vous avez maintenant la possibilit\u00e9 de prendre RDV en ligne sur Doctolib, notamment en dehors des horaires d\u2019ouverture du cabinet.<\/p>\n\n<\/div>\n<div  class=\"col-sm-4 end-sm\" data-type=\"column\"><a  class=\"button color2\" href=\"https:\/\/www.doctolib.fr\/osteopathe\/tassin-la-demi-lune\/nicolas-vignon-tassin-la-demi-lune\" target=\"_blank\" rel=\"noopener\" data-cp-link=\"1\">PRENDRE RDV SUR DOCTOLIB<\/a><\/div>\n<\/div>\n<\/div>\n<\/div><div  id=\"acces\" class=\"content-7 content-section content-section-spacing\" style=\"background-color: #ffffff;\" data-label=\"Acces\" data-id=\"content--1\" data-export-id=\"content-7\" data-category=\"content\">\n<div  class=\"gridContainer\">\n<div  class=\"row middle-sm\">\n<div  class=\"col-sm-6 space-bottom-xs\" data-type=\"column\">\n<h2  class=\"\">Comment acc\u00e9der au cabinet ?<\/h2>\n<p  class=\"\">En transports en commun (TCL) :\nBus \u2013 Demi-Lune Mairie (lignes 5 et C21)\nBus \u2013 Carrefour Liberation (lignes 72, 5, C21 et 14)<\/p>\nEn voiture :\n\n<b  class=\"\">Parking gratuit et facile \u00e0 50m (souterrain ou ext\u00e9rieur) au phare de Tassin (carrefour Lib\u00e9ration)<\/b>\n<p  class=\"\">Au portail vert, sonnez \u00e0 l\u2019interphone \u201c<strong >Cabinet ost\u00e9opathie<\/strong>\u201d, puis suivez la route goudronn\u00e9e, le cabinet est \u00e0 la 3e entr\u00e9e du b\u00e2timent (All\u00e9e C).<\/p>\nLien Google Maps :\n\n<a  class=\"button blue\" href=\"https:\/\/goo.gl\/maps\/qduJEh22z6Sb2bNSA\" target=\"_blank\" rel=\"noopener\" data-cp-link=\"1\">Adresse du cabinet<\/a>\n\n<\/div>\n<div  class=\"col-sm-6\" data-type=\"column\"><a  class=\"\" href=\"https:\/\/goo.gl\/maps\/qduJEh22z6Sb2bNSA\" target=\"_blank\" rel=\"noopener\" data-cp-link=\"1\"><img  decoding=\"async\" class=\"shadow-large\" title=\"cropped-maps.jpg\" src=\"http:\/\/osteopathe-vignon.fr\/wp-content\/uploads\/2019\/06\/cropped-maps.jpg\" alt=\"\"><\/a><\/div>\n<\/div>\n<\/div>\n<\/div><div  id=\"about-1\" class=\"about-9 content-section content-section-spacing\" style=\"background-color: #f5fafd;\" data-label=\"About\" data-id=\"about--1\" data-export-id=\"about-9\" data-category=\"about\">\n<div  class=\"gridContainer\">\n<div  class=\"row middle-sm text-center\">\n<div  class=\"col-sm-5 space-bottom-xs content-column content-center-sm\" data-type=\"column\">\n<h5  class=\"\">Remerciements<\/h5>\n<p  class=\"\">Je voudrais exprimer ma profonde gratitude envers tout d\u2019abord mes Enseignants, ces mentors qui m\u2019ont appris et permis d\u2019exercer cet art au service des patients. Ils sont nombreux, mais je veux parler d\u2019abord du regrett\u00e9 Jean P. qui me laissera un souvenir imp\u00e9rissable. Il s\u2019agit \u00e9galement de Jean-Pierre D., Georges F. et Christian W., Claude L., Daniel M., Philippe B., Bernard M., Christian D., St\u00e9phane V., Yvan P., Fran\u00e7ois A., Larisa L., ainsi que tous les autres que je ne peux nommer ici faute de place, et qui se reconna\u00eetront.<\/p>\nMa gratitude va \u00e9galement envers mes anciens coll\u00e8gues de promotion, avec mon bin\u00f4me Guillaume A. en t\u00eate de file. Ils m\u2019ont permis de cultiver cette passion dans les meilleures conditions.\n\nEnfin, un grand remerciement aux patients qui me conultent, pour leur fid\u00e9lit\u00e9, pour certains depuis que j\u2019ai d\u00e9but\u00e9.\n\nMerci \u00e0 vous tous.\n\n<\/div>\n<div  class=\"col-sm-7 flexbox flexbox middle-xs center-xs space-bottom-xs\">\n<div  class=\"overlay-box flexbox middle-xs center-xs overlay-holder \">\n<div  class=\"overlay-box-offset offset-background shadow-medium bg-color2 hide-xs\"><\/div>\n<img  decoding=\"async\" class=\"flexbox shadow-large img1\" title=\"osteopathie viscerale\" src=\"http:\/\/osteopathe-vignon.fr\/wp-content\/uploads\/2019\/06\/cropped-Fond1-1.jpg\" alt=\"\" data-size=\"600x400\">\n\n<\/div>\n<\/div>\n<\/div>\n<\/div>\n<\/div>","protected":false},"excerpt":{"rendered":"<p>Informations Pas d\u2019informations en ce moment\u2026 Note sur les consultations : Veuillez noter que je demande aux patient(e)s de se d\u00e9shabiller lors des consultations, la plupart du temps plus que d\u2019autres praticiens. Ceci pour des raisons de facilit\u00e9 de travail notamment sur les fasciae. Si vous risquez de vous sentir g\u00ean\u00e9(e), parce que vous \u00eates&hellip; <br \/> <a class=\"read-more\" href=\"https:\/\/osteopathe-vignon.fr\/\">Read more<\/a><\/p>\n","protected":false},"author":1,"featured_media":0,"parent":0,"menu_order":0,"comment_status":"closed","ping_status":"closed","template":"page-templates\/homepage.php","meta":{"footnotes":""},"class_list":["post-76","page","type-page","status-publish","hentry"],"_links":{"self":[{"href":"https:\/\/osteopathe-vignon.fr\/index.php?rest_route=\/wp\/v2\/pages\/76","targetHints":{"allow":["GET"]}}],"collection":[{"href":"https:\/\/osteopathe-vignon.fr\/index.php?rest_route=\/wp\/v2\/pages"}],"about":[{"href":"https:\/\/osteopathe-vignon.fr\/index.php?rest_route=\/wp\/v2\/types\/page"}],"author":[{"embeddable":true,"href":"https:\/\/osteopathe-vignon.fr\/index.php?rest_route=\/wp\/v2\/users\/1"}],"replies":[{"embeddable":true,"href":"https:\/\/osteopathe-vignon.fr\/index.php?rest_route=%2Fwp%2Fv2%2Fcomments&post=76"}],"version-history":[{"count":51,"href":"https:\/\/osteopathe-vignon.fr\/index.php?rest_route=\/wp\/v2\/pages\/76\/revisions"}],"predecessor-version":[{"id":222,"href":"https:\/\/osteopathe-vignon.fr\/index.php?rest_route=\/wp\/v2\/pages\/76\/revisions\/222"}],"wp:attachment":[{"href":"https:\/\/osteopathe-vignon.fr\/index.php?rest_route=%2Fwp%2Fv2%2Fmedia&parent=76"}],"curies":[{"name":"wp","href":"https:\/\/api.w.org\/{rel}","templated":true}]}}